{"id":2602,"date":"2019-03-28T10:25:47","date_gmt":"2019-03-28T10:25:47","guid":{"rendered":"https:\/\/pharma-city.be\/contact-2\/"},"modified":"2023-05-30T15:00:22","modified_gmt":"2023-05-30T15:00:22","slug":"contact","status":"publish","type":"page","link":"https:\/\/pharma-city.be\/en\/contact\/","title":{"rendered":"Contact"},"content":{"rendered":"<p>[et_pb_section fb_built=&#8221;1&#8243; custom_padding_last_edited=&#8221;on|tablet&#8221; admin_label=&#8221;Hero&#8221; _builder_version=&#8221;4.16&#8243; background_color=&#8221;#84bf41&#8243; custom_padding=&#8221;30px|0px|25px|0px|false|false&#8221; custom_padding_tablet=&#8221;50px||50px||true&#8221; custom_padding_phone=&#8221;0px|0px|0|0px|false|false&#8221; bottom_divider_height=&#8221;50px&#8221; bottom_divider_flip=&#8221;horizontal&#8221; bottom_divider_height_tablet=&#8221;90px&#8221; bottom_divider_height_phone=&#8221;80px&#8221; global_colors_info=&#8221;{}&#8221;][et_pb_row _builder_version=&#8221;4.16&#8243; custom_padding=&#8221;3px|0px|3px|0px|false|false&#8221; custom_width_px=&#8221;1280px&#8221; global_colors_info=&#8221;{}&#8221; column_structure=&#8221;2_3,1_3&#8243;][et_pb_column type=&#8221;2_3&#8243; _builder_version=&#8221;4.16&#8243; custom_padding=&#8221;|||&#8221; global_colors_info=&#8221;{}&#8221; custom_padding__hover=&#8221;|||&#8221;][et_pb_text _builder_version=&#8221;4.16&#8243; text_font=&#8221;Montserrat||||||||&#8221; text_text_color=&#8221;rgba(255,255,255,0.7)&#8221; text_font_size=&#8221;16px&#8221; text_line_height=&#8221;1.8em&#8221; header_font=&#8221;Montserrat|700|||||||&#8221; header_font_size=&#8221;35px&#8221; header_line_height=&#8221;1.4em&#8221; header_6_font=&#8221;Montserrat|600||on|||||&#8221; header_6_text_color=&#8221;rgba(255,255,255,0.7)&#8221; header_6_font_size=&#8221;16px&#8221; header_6_letter_spacing=&#8221;2px&#8221; header_6_line_height=&#8221;1.5em&#8221; background_layout=&#8221;dark&#8221; max_width=&#8221;780px&#8221; text_font_size_tablet=&#8221;&#8221; text_font_size_phone=&#8221;15px&#8221; text_font_size_last_edited=&#8221;on|phone&#8221; header_font_size_tablet=&#8221;&#8221; header_font_size_phone=&#8221;28px&#8221; header_font_size_last_edited=&#8221;on|phone&#8221; global_colors_info=&#8221;{}&#8221;]<\/p>\n<h1>Our team is there for you<\/h1>\n<p>Our collaborators are there for any information or advices.<br \/>\nContact directly the nearest pharmacy.[\/et_pb_text][\/et_pb_column][et_pb_column type=&#8221;1_3&#8243; _builder_version=&#8221;4.16&#8243; custom_padding=&#8221;|||&#8221; global_colors_info=&#8221;{}&#8221; custom_padding__hover=&#8221;|||&#8221;][\/et_pb_column][\/et_pb_row][\/et_pb_section][et_pb_section fb_built=&#8221;1&#8243; admin_label=&#8221;Contact Info&#8221; _builder_version=&#8221;4.16&#8243; background_color=&#8221;#edeffa&#8221; use_background_color_gradient=&#8221;on&#8221; background_color_gradient_direction=&#8221;0deg&#8221; background_color_gradient_stops=&#8221;#ffffff 30%|#84bf41 30%&#8221; background_color_gradient_start=&#8221;#ffffff&#8221; background_color_gradient_start_position=&#8221;30%&#8221; background_color_gradient_end=&#8221;#84bf41&#8243; background_color_gradient_end_position=&#8221;30%&#8221; custom_padding=&#8221;6px|0px|0|0px|false|false&#8221; global_colors_info=&#8221;{}&#8221;][et_pb_row padding_top_bottom_link_1=&#8221;true&#8221; padding_left_right_link_1=&#8221;false&#8221; _builder_version=&#8221;4.16&#8243; background_color=&#8221;#ffffff&#8221; custom_margin=&#8221;||40px|&#8221; custom_padding=&#8221;0|0px|0|0px|false|false&#8221; animation_style=&#8221;fold&#8221; animation_intensity_fold=&#8221;10%&#8221; border_radii=&#8221;on|6px|6px|6px|6px&#8221; box_shadow_style=&#8221;preset1&#8243; box_shadow_vertical=&#8221;10px&#8221; box_shadow_blur=&#8221;40px&#8221; box_shadow_color=&#8221;rgba(0,0,0,0.05)&#8221; global_colors_info=&#8221;{}&#8221; column_structure=&#8221;1_3,2_3&#8243;][et_pb_column type=&#8221;1_3&#8243; _builder_version=&#8221;4.16&#8243; custom_padding=&#8221;30px||30px|40px&#8221; custom_padding_tablet=&#8221;40px|30px|0px|30px|false|true&#8221; custom_padding_last_edited=&#8221;on|tablet&#8221; global_colors_info=&#8221;{}&#8221; custom_padding__hover=&#8221;|||&#8221; custom_padding_phone=&#8221;40px|30px|0px|30px|false|true&#8221;][et_pb_blurb title=&#8221;Liberty Louise PharmaCity&#8221; admin_label=&#8221;Contact Info&#8221; _builder_version=&#8221;4.16&#8243; header_font=&#8221;Montserrat||||||||&#8221; header_font_size=&#8221;16px&#8221; header_line_height=&#8221;1.4em&#8221; body_font=&#8221;Montserrat||||||||&#8221; body_text_color=&#8221;#84bf41&#8243; body_line_height=&#8221;1.3em&#8221; custom_margin=&#8221;|||&#8221; custom_padding=&#8221;|||&#8221; link_option_url=&#8221;https:\/\/pharma-city.be\/pharmacies\/liberty-louise\/?lang=en#contact&#8221; border_radii=&#8221;on|10px|10px|10px|10px&#8221; global_colors_info=&#8221;{}&#8221;]<\/p>\n<div class=\"page\" title=\"Page 2\">\n<div class=\"section\">\n<div class=\"layoutArea\">\n<div class=\"column\">\n<p>Avenue de la Toison d&#8217;Or, 51<br \/> 1060 Brussels<\/p>\n<\/div>\n<\/div>\n<\/div>\n<\/div>\n<p>[\/et_pb_blurb][et_pb_blurb title=&#8221;Stock Exchange PharmaCity&#8221; admin_label=&#8221;Contact Info&#8221; _builder_version=&#8221;4.16&#8243; header_font=&#8221;Montserrat||||||||&#8221; header_font_size=&#8221;16px&#8221; header_line_height=&#8221;1.4em&#8221; body_font=&#8221;Montserrat||||||||&#8221; body_text_color=&#8221;#84bf41&#8243; body_line_height=&#8221;1.3em&#8221; custom_margin=&#8221;|||&#8221; custom_padding=&#8221;|||&#8221; link_option_url=&#8221;https:\/\/pharma-city.be\/pharmacies\/stock-exchange-pharmacity\/?lang=en#contact&#8221; border_radii=&#8221;on|10px|10px|10px|10px&#8221; global_colors_info=&#8221;{}&#8221;]<\/p>\n<div class=\"page\" title=\"Page 2\">\n<div class=\"section\">\n<div class=\"layoutArea\">\n<div class=\"column\">\n<p>Anspach Blvd., 61<br \/>\n1000 Brussels<\/p>\n<\/div>\n<\/div>\n<\/div>\n<\/div>\n<p>[\/et_pb_blurb][et_pb_blurb title=&#8221;Chasse PharmaCity&#8221; admin_label=&#8221;Contact Info&#8221; _builder_version=&#8221;4.16&#8243; header_font=&#8221;Montserrat||||||||&#8221; header_font_size=&#8221;16px&#8221; header_line_height=&#8221;1.4em&#8221; body_font=&#8221;Montserrat||||||||&#8221; body_text_color=&#8221;#84bf41&#8243; body_line_height=&#8221;1.3em&#8221; custom_margin=&#8221;|||&#8221; custom_padding=&#8221;|||&#8221; link_option_url=&#8221;https:\/\/pharma-city.be\/pharmacies\/chasse-pharmacity\/?lang=en#contact&#8221; border_radii=&#8221;on|10px|10px|10px|10px&#8221; global_colors_info=&#8221;{}&#8221;]<\/p>\n<div class=\"page\" title=\"Page 2\">\n<div class=\"section\">\n<div class=\"layoutArea\">\n<div class=\"column\">\n<p>G\u00e9n\u00e9ral Fiv\u00e9 St., 2<br \/>\n1040 Brussels<\/p>\n<\/div>\n<\/div>\n<\/div>\n<\/div>\n<p>[\/et_pb_blurb][et_pb_blurb title=&#8221;Schuman PharmaCity&#8221; admin_label=&#8221;Contact Info&#8221; _builder_version=&#8221;4.16&#8243; header_font=&#8221;Montserrat||||||||&#8221; header_font_size=&#8221;16px&#8221; header_line_height=&#8221;1.4em&#8221; body_font=&#8221;Montserrat||||||||&#8221; body_text_color=&#8221;#84bf41&#8243; body_line_height=&#8221;1.3em&#8221; custom_margin=&#8221;|||&#8221; custom_padding=&#8221;|||&#8221; link_option_url=&#8221;https:\/\/pharma-city.be\/pharmacies\/schuman-pharmacity\/?lang=en#contact&#8221; border_radii=&#8221;on|10px|10px|10px|10px&#8221; global_colors_info=&#8221;{}&#8221;]<\/p>\n<div class=\"page\" title=\"Page 2\">\n<div class=\"section\">\n<div class=\"layoutArea\">\n<div class=\"column\">\n<p>Archimede St., 3<br \/>\n1000 Brussels<\/p>\n<\/div>\n<\/div>\n<\/div>\n<\/div>\n<p>[\/et_pb_blurb][\/et_pb_column][et_pb_column type=&#8221;2_3&#8243; _builder_version=&#8221;4.16&#8243; custom_padding=&#8221;|||&#8221; global_colors_info=&#8221;{}&#8221; custom_padding__hover=&#8221;|||&#8221;][et_pb_image src=&#8221;https:\/\/pharma-city.be\/wp-content\/uploads\/2019\/02\/Bruxellles-PharmaCity-Louise-Bourse-Chasse-Schuman.png&#8221; align_tablet=&#8221;center&#8221; align_last_edited=&#8221;on|desktop&#8221; _builder_version=&#8221;4.16&#8243; global_colors_info=&#8221;{}&#8221; align_phone=&#8221;center&#8221;][\/et_pb_image][\/et_pb_column][\/et_pb_row][\/et_pb_section][et_pb_section fb_built=&#8221;1&#8243; admin_label=&#8221;Pharmacies PharmaCity&#8221; _builder_version=&#8221;3.22&#8243; background_color=&#8221;rgba(255,255,255,0)&#8221; custom_padding=&#8221;18px|30px|6px|30px|false|false&#8221; global_module=&#8221;296&#8243; global_colors_info=&#8221;{}&#8221;][et_pb_row column_structure=&#8221;1_4,1_4,1_4,1_4&#8243; use_custom_gutter=&#8221;on&#8221; gutter_width=&#8221;2&#8243; admin_label=&#8221;Liste Pharmacies&#8221; module_class=&#8221; et_pb_row_fullwidth&#8221; _builder_version=&#8221;4.16&#8243; background_size=&#8221;initial&#8221; background_position=&#8221;top_left&#8221; background_repeat=&#8221;repeat&#8221; width=&#8221;94%&#8221; width_tablet=&#8221;80%&#8221; width_phone=&#8221;80%&#8221; width_last_edited=&#8221;on|desktop&#8221; max_width=&#8221;94%&#8221; max_width_tablet=&#8221;80%&#8221; max_width_phone=&#8221;80%&#8221; max_width_last_edited=&#8221;on|desktop&#8221; custom_padding=&#8221;|20px||20px|false|true&#8221; make_fullwidth=&#8221;on&#8221; global_colors_info=&#8221;{}&#8221;][et_pb_column type=&#8221;1_4&#8243; _builder_version=&#8221;4.16&#8243; custom_padding=&#8221;|||&#8221; global_colors_info=&#8221;{}&#8221; custom_padding__hover=&#8221;|||&#8221;][et_pb_blurb title=&#8221;PharmaCity Liberty&#8221; image=&#8221;https:\/\/pharma-city.be\/wp-content\/uploads\/2019\/01\/PharmaCity-Pharmacie-Louise-Liberty-Top-1.png&#8221; admin_label=&#8221;PharmaCity Liberty&#8221; module_class=&#8221;et_pb_blurb_deeta_custom&#8221; _builder_version=&#8221;4.16&#8243; header_font=&#8221;||||||||&#8221; body_font=&#8221;||||||||&#8221; background_color=&#8221;#ffffff&#8221; module_alignment=&#8221;center&#8221; custom_margin=&#8221;||20px&#8221; animation=&#8221;off&#8221; hover_transition_duration=&#8221;0ms&#8221; hover_transition_speed_curve=&#8221;ease-in-out&#8221; link_option_url=&#8221;\/nl\/apotheken\/liberty-louise\/&#8221; border_radii=&#8221;on|4px|4px|4px|4px&#8221; border_color_all=&#8221;#84bf41&#8243; box_shadow_style=&#8221;preset1&#8243; global_colors_info=&#8221;{}&#8221; border_radii__hover_enabled=&#8221;on&#8221; border_radii__hover=&#8221;on|8px|8px|8px|8px&#8221; border_width_all__hover_enabled=&#8221;on&#8221; border_width_all__hover=&#8221;2px&#8221; child_mix_blend_mode__hover_enabled=&#8221;on&#8221; child_mix_blend_mode__hover=&#8221;normal&#8221;]<\/p>\n<div class=\"page\" title=\"Page 2\">\n<div class=\"section\">\n<div class=\"layoutArea\">\n<div class=\"column\">\n<p><strong>Adres:\u00a0<\/strong><br \/>Gulden Vlieslaan 51<br \/>1060 Brussel<\/p>\n<p><strong>Contact:<\/strong><br \/>Telefoon: 02 512 37 69<br \/>Liberty@pharma-city.be<\/p>\n<p><strong>Openingsuren:<\/strong><br \/>Ma-Vr: 8.30u tot 19u<br \/>Zat : 9.45u tot 19u<\/p>\n<\/div>\n<\/div>\n<\/div>\n<\/div>\n<p>[\/et_pb_blurb][\/et_pb_column][et_pb_column type=&#8221;1_4&#8243; _builder_version=&#8221;4.16&#8243; custom_padding=&#8221;|||&#8221; global_colors_info=&#8221;{}&#8221; custom_padding__hover=&#8221;|||&#8221;][et_pb_blurb title=&#8221;PharmaCity Beurs&#8221; image=&#8221;https:\/\/pharma-city.be\/wp-content\/uploads\/2018\/12\/PharmaCity-Pharmacie-Bourse-Top-2.jpg&#8221; admin_label=&#8221;PharmaCity Bourse&#8221; module_class=&#8221;et_pb_blurb_deeta_custom&#8221; _builder_version=&#8221;4.16&#8243; header_font=&#8221;||||||||&#8221; body_font=&#8221;||||||||&#8221; background_color=&#8221;#ffffff&#8221; module_alignment=&#8221;center&#8221; custom_margin=&#8221;||20px&#8221; animation=&#8221;off&#8221; hover_transition_duration=&#8221;0ms&#8221; hover_transition_speed_curve=&#8221;ease-in-out&#8221; link_option_url=&#8221;\/nl\/apotheken\/pharmacity-beurs\/&#8221; border_radii=&#8221;on|4px|4px|4px|4px&#8221; border_color_all=&#8221;#84bf41&#8243; box_shadow_style=&#8221;preset1&#8243; global_colors_info=&#8221;{}&#8221; border_radii__hover_enabled=&#8221;on&#8221; border_radii__hover=&#8221;on|8px|8px|8px|8px&#8221; border_width_all__hover_enabled=&#8221;on&#8221; border_width_all__hover=&#8221;2px&#8221; child_mix_blend_mode__hover_enabled=&#8221;on&#8221; child_mix_blend_mode__hover=&#8221;normal&#8221;]<\/p>\n<div class=\"page\" title=\"Page 2\">\n<div class=\"section\">\n<div class=\"layoutArea\">\n<div class=\"column\">\n<p><strong>Adres:<br \/><\/strong>Anspachlaan 61<br \/>1000 Brussel<\/p>\n<p><strong>Contact:<\/strong><br \/>Telefoon: 02 218 06 40<br \/>Bourse@pharma-city.be<\/p>\n<p><strong>Openingsuren:<\/strong><br \/>Ma-vr: 9u tot 19u<br \/>Zat : 9.30u tot 19u<\/p>\n<\/div>\n<\/div>\n<\/div>\n<\/div>\n<p>[\/et_pb_blurb][\/et_pb_column][et_pb_column type=&#8221;1_4&#8243; _builder_version=&#8221;4.16&#8243; custom_padding=&#8221;|||&#8221; global_colors_info=&#8221;{}&#8221; custom_padding__hover=&#8221;|||&#8221;][et_pb_blurb title=&#8221;PharmaCity Jacht&#8221; image=&#8221;https:\/\/pharma-city.be\/wp-content\/uploads\/2019\/01\/PharmaCity-Pharmacie-Chasse-Top.png&#8221; admin_label=&#8221;PharmaCity Chasse&#8221; module_class=&#8221;et_pb_blurb_deeta_custom&#8221; _builder_version=&#8221;4.16&#8243; header_font=&#8221;||||||||&#8221; body_font=&#8221;||||||||&#8221; background_color=&#8221;#ffffff&#8221; module_alignment=&#8221;center&#8221; custom_margin=&#8221;||20px&#8221; animation=&#8221;off&#8221; hover_transition_duration=&#8221;0ms&#8221; hover_transition_speed_curve=&#8221;ease-in-out&#8221; link_option_url=&#8221;\/nl\/apotheken\/pharmacity-chasse\/&#8221; border_radii=&#8221;on|4px|4px|4px|4px&#8221; border_color_all=&#8221;#84bf41&#8243; box_shadow_style=&#8221;preset1&#8243; global_colors_info=&#8221;{}&#8221; border_radii__hover_enabled=&#8221;on&#8221; border_radii__hover=&#8221;on|8px|8px|8px|8px&#8221; border_width_all__hover_enabled=&#8221;on&#8221; border_width_all__hover=&#8221;2px&#8221; child_mix_blend_mode__hover_enabled=&#8221;on&#8221; child_mix_blend_mode__hover=&#8221;normal&#8221;]<\/p>\n<div class=\"page\" title=\"Page 2\">\n<div class=\"section\">\n<div class=\"layoutArea\">\n<div class=\"column\">\n<p><strong>Adres:<\/strong><br \/>G\u00e9n\u00e9ral Fiv\u00e9 Straat 2<br \/>1040 Brussel<\/p>\n<p><strong>Contact:<\/strong><br \/>Telefoon: 02 647 35 87<br \/>Chasse@pharma-city.be<\/p>\n<p><strong>Openingsuren:<\/strong><br \/>Ma-Vr: 8.30u tot 19u<br \/>Zat : 9u tot 18u<\/p>\n<\/div>\n<\/div>\n<\/div>\n<\/div>\n<p>[\/et_pb_blurb][\/et_pb_column][et_pb_column type=&#8221;1_4&#8243; _builder_version=&#8221;4.16&#8243; custom_padding=&#8221;|||&#8221; global_colors_info=&#8221;{}&#8221; custom_padding__hover=&#8221;|||&#8221;][et_pb_blurb title=&#8221;PharmaCity Schuman&#8221; image=&#8221;https:\/\/pharma-city.be\/wp-content\/uploads\/2019\/01\/PharmaCity-Pharmacie-Schuman-Top.png&#8221; admin_label=&#8221;PharmaCity Schuman&#8221; module_class=&#8221;et_pb_blurb_deeta_custom&#8221; _builder_version=&#8221;4.16&#8243; header_font=&#8221;||||||||&#8221; body_font=&#8221;||||||||&#8221; background_color=&#8221;#ffffff&#8221; module_alignment=&#8221;center&#8221; animation=&#8221;off&#8221; hover_transition_duration=&#8221;0ms&#8221; hover_transition_speed_curve=&#8221;ease-in-out&#8221; link_option_url=&#8221;\/nl\/apotheken\/pharmacity-schuman\/&#8221; border_radii=&#8221;on|4px|4px|4px|4px&#8221; border_color_all=&#8221;#84bf41&#8243; box_shadow_style=&#8221;preset1&#8243; global_colors_info=&#8221;{}&#8221; border_radii__hover_enabled=&#8221;on&#8221; border_radii__hover=&#8221;on|8px|8px|8px|8px&#8221; border_width_all__hover_enabled=&#8221;on&#8221; border_width_all__hover=&#8221;2px&#8221; child_mix_blend_mode__hover_enabled=&#8221;on&#8221; child_mix_blend_mode__hover=&#8221;normal&#8221;]<\/p>\n<div class=\"page\" title=\"Page 2\">\n<div class=\"section\">\n<div class=\"layoutArea\">\n<div class=\"column\">\n<p><strong>Adres:\u00a0<\/strong><br \/>Archimedesstraat 3<br \/>1000 Brussel<\/p>\n<p><strong>Contact:<\/strong><br \/>Telefoon: 02 231 06 45<br \/>Schuman@pharma-city.be<\/p>\n<p><strong>Openingsuren:<\/strong><br \/>Ma-Vr : 8.30 u tot 19 u<\/p>\n<\/div>\n<\/div>\n<\/div>\n<\/div>\n<p>[\/et_pb_blurb][\/et_pb_column][\/et_pb_row][\/et_pb_section][et_pb_section fb_built=&#8221;1&#8243; custom_padding_last_edited=&#8221;off|desktop&#8221; admin_label=&#8221;Footer Global&#8221; _builder_version=&#8221;3.22&#8243; background_color=&#8221;#ffffff&#8221; custom_padding=&#8221;40px||40px||true|false&#8221; top_divider_color=&#8221;#95c11e&#8221; top_divider_height=&#8221;32px&#8221; top_divider_repeat=&#8221;20x&#8221; top_divider_flip=&#8221;vertical|horizontal&#8221; border_width_top=&#8221;2px&#8221; border_color_top=&#8221;#84bf41&#8243; global_module=&#8221;146&#8243; saved_tabs=&#8221;all&#8221; collapsed=&#8221;off&#8221; global_colors_info=&#8221;{}&#8221;][et_pb_row column_structure=&#8221;1_4,1_4,1_4,1_4&#8243; admin_label=&#8221;Informations footer&#8221; _builder_version=&#8221;4.16&#8243; global_colors_info=&#8221;{}&#8221;][et_pb_column type=&#8221;1_4&#8243; _builder_version=&#8221;4.16&#8243; custom_padding=&#8221;|||&#8221; global_colors_info=&#8221;{}&#8221; custom_padding__hover=&#8221;|||&#8221;][et_pb_image src=&#8221;https:\/\/pharma-city.be\/wp-content\/uploads\/2018\/12\/Pharmacity-3.png&#8221; _builder_version=&#8221;4.16&#8243; always_center_on_mobile=&#8221;off&#8221; global_colors_info=&#8221;{}&#8221;][\/et_pb_image][\/et_pb_column][et_pb_column type=&#8221;1_4&#8243; _builder_version=&#8221;4.16&#8243; custom_padding=&#8221;|||&#8221; global_colors_info=&#8221;{}&#8221; custom_padding__hover=&#8221;|||&#8221;][et_pb_text admin_label=&#8221;Nos Pharmacies&#8221; _builder_version=&#8221;4.16&#8243; global_colors_info=&#8221;{}&#8221;]<strong>Our pharmacies<\/strong><\/p>\n<p><a href=\"\/en\/pharmacies\/liberty-louise\/\">PharmaCity Liberty Louise<\/a><br \/>\n<a href=\"\/en\/pharmacies\/bourse-pharmacity\/\">PharmaCity Bourse<\/a><br \/>\n<a href=\"\/en\/pharmacies\/chasse-pharmacity\/\">PharmaCity Chasse<\/a><br \/>\n<a href=\"\/en\/pharmacies\/schuman-pharmacity\/\">PharmaCity Schuman<\/a>[\/et_pb_text][\/et_pb_column][et_pb_column type=&#8221;1_4&#8243; _builder_version=&#8221;4.16&#8243; custom_padding=&#8221;|||&#8221; global_colors_info=&#8221;{}&#8221; custom_padding__hover=&#8221;|||&#8221;][et_pb_text admin_label=&#8221;Navigation&#8221; _builder_version=&#8221;4.16&#8243; global_colors_info=&#8221;{}&#8221;]<strong>Navigation<\/strong><\/p>\n<p><a href=\"\/en\/\">Home<\/a><br \/>\n<a href=\"\/en\/products\/\">Products<\/a><br \/>\n<a href=\"\/en\/category\/promotions\/\">Promotions<\/a><br \/>\n<a href=\"\/en\/contact\/\">Contact<\/a>[\/et_pb_text][\/et_pb_column][et_pb_column type=&#8221;1_4&#8243; _builder_version=&#8221;4.16&#8243; custom_padding=&#8221;|||&#8221; global_colors_info=&#8221;{}&#8221; custom_padding__hover=&#8221;|||&#8221;][et_pb_text admin_label=&#8221;Informations&#8221; _builder_version=&#8221;4.16&#8243; global_colors_info=&#8221;{}&#8221;]<b>Information<\/b><\/p>\n<p><a href=\"http:\/\/www.pharmacie.be\/\" target=\"_blank\" rel=\"noopener noreferrer\">Pharmacy on duty<\/a><br \/>\n<a href=\"https:\/\/pharma-city.be\/\">General terms and conditions<\/a><br \/>\n<a href=\"https:\/\/deeta.agency\/\" target=\"_blank\" rel=\"noopener noreferrer\">Powered by Deeta Studio<\/a>[\/et_pb_text][\/et_pb_column][\/et_pb_row][\/et_pb_section]<\/p>\n","protected":false},"excerpt":{"rendered":"<p>Our team is there for you Our collaborators are there for any information or advices. Contact directly the nearest pharmacy. Avenue de la Toison d&#8217;Or, 51 1060 Brussels Anspach Blvd., 61 1000 Brussels G\u00e9n\u00e9ral Fiv\u00e9 St., 2 1040 Brussels Archimede St., 3 1000 Brussels Adres:\u00a0Gulden Vlieslaan 511060 Brussel Contact:Telefoon: 02 512 37 69Liberty@pharma-city.be Openingsuren:Ma-Vr: 8.30u [&hellip;]<\/p>\n","protected":false},"author":1,"featured_media":0,"parent":0,"menu_order":0,"comment_status":"closed","ping_status":"closed","template":"","meta":{"_et_pb_use_builder":"on","_et_pb_old_content":"","_et_gb_content_width":""},"yoast_head":"<!-- This site is optimized with the Yoast SEO plugin v19.4 - https:\/\/yoast.com\/wordpress\/plugins\/seo\/ -->\n<title>Contact our Pharmacies - PharmaCity<\/title>\n<meta name=\"description\" content=\"Find contact details (address, telephone and e-mail) for our Brussels pharmacies in Louise, Chasse, Bourse and Schuman.\" \/>\n<meta name=\"robots\" content=\"index, follow, max-snippet:-1, max-image-preview:large, max-video-preview:-1\" \/>\n<link rel=\"canonical\" href=\"https:\/\/pharma-city.be\/en\/contact\/\" \/>\n<meta property=\"og:locale\" content=\"en_US\" \/>\n<meta property=\"og:type\" content=\"article\" \/>\n<meta property=\"og:title\" content=\"Contact our Pharmacies - PharmaCity\" \/>\n<meta property=\"og:description\" content=\"Find contact details (address, telephone and e-mail) for our Brussels pharmacies in Louise, Chasse, Bourse and Schuman.\" \/>\n<meta property=\"og:url\" content=\"https:\/\/pharma-city.be\/en\/contact\/\" \/>\n<meta property=\"og:site_name\" content=\"Pharma-City\" \/>\n<meta property=\"article:modified_time\" content=\"2023-05-30T15:00:22+00:00\" \/>\n<meta name=\"twitter:card\" content=\"summary_large_image\" \/>\n<meta name=\"twitter:label1\" content=\"Est. reading time\" \/>\n\t<meta name=\"twitter:data1\" content=\"3 minutes\" \/>\n<script type=\"application\/ld+json\" class=\"yoast-schema-graph\">{\"@context\":\"https:\/\/schema.org\",\"@graph\":[{\"@type\":\"WebSite\",\"@id\":\"https:\/\/pharma-city.be\/#website\",\"url\":\"https:\/\/pharma-city.be\/\",\"name\":\"Pharma-City\",\"description\":\"Your Pharmacy\",\"potentialAction\":[{\"@type\":\"SearchAction\",\"target\":{\"@type\":\"EntryPoint\",\"urlTemplate\":\"https:\/\/pharma-city.be\/?s={search_term_string}\"},\"query-input\":\"required name=search_term_string\"}],\"inLanguage\":\"en-US\"},{\"@type\":\"WebPage\",\"@id\":\"https:\/\/pharma-city.be\/en\/contact\/\",\"url\":\"https:\/\/pharma-city.be\/en\/contact\/\",\"name\":\"Contact our Pharmacies - PharmaCity\",\"isPartOf\":{\"@id\":\"https:\/\/pharma-city.be\/#website\"},\"datePublished\":\"2019-03-28T10:25:47+00:00\",\"dateModified\":\"2023-05-30T15:00:22+00:00\",\"description\":\"Find contact details (address, telephone and e-mail) for our Brussels pharmacies in Louise, Chasse, Bourse and Schuman.\",\"breadcrumb\":{\"@id\":\"https:\/\/pharma-city.be\/en\/contact\/#breadcrumb\"},\"inLanguage\":\"en-US\",\"potentialAction\":[{\"@type\":\"ReadAction\",\"target\":[\"https:\/\/pharma-city.be\/en\/contact\/\"]}]},{\"@type\":\"BreadcrumbList\",\"@id\":\"https:\/\/pharma-city.be\/en\/contact\/#breadcrumb\",\"itemListElement\":[{\"@type\":\"ListItem\",\"position\":1,\"name\":\"Accueil\",\"item\":\"https:\/\/pharma-city.be\/en\/\"},{\"@type\":\"ListItem\",\"position\":2,\"name\":\"Contact\"}]}]}<\/script>\n<!-- \/ Yoast SEO plugin. -->","yoast_head_json":{"title":"Contact our Pharmacies - PharmaCity","description":"Find contact details (address, telephone and e-mail) for our Brussels pharmacies in Louise, Chasse, Bourse and Schuman.","robots":{"index":"index","follow":"follow","max-snippet":"max-snippet:-1","max-image-preview":"max-image-preview:large","max-video-preview":"max-video-preview:-1"},"canonical":"https:\/\/pharma-city.be\/en\/contact\/","og_locale":"en_US","og_type":"article","og_title":"Contact our Pharmacies - PharmaCity","og_description":"Find contact details (address, telephone and e-mail) for our Brussels pharmacies in Louise, Chasse, Bourse and Schuman.","og_url":"https:\/\/pharma-city.be\/en\/contact\/","og_site_name":"Pharma-City","article_modified_time":"2023-05-30T15:00:22+00:00","twitter_card":"summary_large_image","twitter_misc":{"Est. reading time":"3 minutes"},"schema":{"@context":"https:\/\/schema.org","@graph":[{"@type":"WebSite","@id":"https:\/\/pharma-city.be\/#website","url":"https:\/\/pharma-city.be\/","name":"Pharma-City","description":"Your Pharmacy","potentialAction":[{"@type":"SearchAction","target":{"@type":"EntryPoint","urlTemplate":"https:\/\/pharma-city.be\/?s={search_term_string}"},"query-input":"required name=search_term_string"}],"inLanguage":"en-US"},{"@type":"WebPage","@id":"https:\/\/pharma-city.be\/en\/contact\/","url":"https:\/\/pharma-city.be\/en\/contact\/","name":"Contact our Pharmacies - PharmaCity","isPartOf":{"@id":"https:\/\/pharma-city.be\/#website"},"datePublished":"2019-03-28T10:25:47+00:00","dateModified":"2023-05-30T15:00:22+00:00","description":"Find contact details (address, telephone and e-mail) for our Brussels pharmacies in Louise, Chasse, Bourse and Schuman.","breadcrumb":{"@id":"https:\/\/pharma-city.be\/en\/contact\/#breadcrumb"},"inLanguage":"en-US","potentialAction":[{"@type":"ReadAction","target":["https:\/\/pharma-city.be\/en\/contact\/"]}]},{"@type":"BreadcrumbList","@id":"https:\/\/pharma-city.be\/en\/contact\/#breadcrumb","itemListElement":[{"@type":"ListItem","position":1,"name":"Accueil","item":"https:\/\/pharma-city.be\/en\/"},{"@type":"ListItem","position":2,"name":"Contact"}]}]}},"_links":{"self":[{"href":"https:\/\/pharma-city.be\/en\/wp-json\/wp\/v2\/pages\/2602"}],"collection":[{"href":"https:\/\/pharma-city.be\/en\/wp-json\/wp\/v2\/pages"}],"about":[{"href":"https:\/\/pharma-city.be\/en\/wp-json\/wp\/v2\/types\/page"}],"author":[{"embeddable":true,"href":"https:\/\/pharma-city.be\/en\/wp-json\/wp\/v2\/users\/1"}],"replies":[{"embeddable":true,"href":"https:\/\/pharma-city.be\/en\/wp-json\/wp\/v2\/comments?post=2602"}],"version-history":[{"count":1,"href":"https:\/\/pharma-city.be\/en\/wp-json\/wp\/v2\/pages\/2602\/revisions"}],"predecessor-version":[{"id":6369,"href":"https:\/\/pharma-city.be\/en\/wp-json\/wp\/v2\/pages\/2602\/revisions\/6369"}],"wp:attachment":[{"href":"https:\/\/pharma-city.be\/en\/wp-json\/wp\/v2\/media?parent=2602"}],"curies":[{"name":"wp","href":"https:\/\/api.w.org\/{rel}","templated":true}]}}